{"id":1638,"date":"2026-02-11T08:37:56","date_gmt":"2026-02-11T08:37:56","guid":{"rendered":"https:\/\/unlettoideale.com\/?page_id=1638"},"modified":"2026-02-11T15:25:57","modified_gmt":"2026-02-11T15:25:57","slug":"luggage-storage-gaeta","status":"publish","type":"page","link":"https:\/\/unlettoideale.com\/en\/luggage-storage-gaeta\/","title":{"rendered":"Luggage storage in Gaeta"},"content":{"rendered":"<section class=\"bde-section-1638-116 bde-section\">\n  \n  \n\t\n\n\n\n<div class=\"section-container\"><div class=\"bde-div-1638-117 bde-div\">\n  \n  \n\t\n\n\n\n<h1 class=\"bde-heading-1638-118 bde-heading\">\nLuggage storage in Gaeta\n<\/h1><div class=\"bde-text-1638-119 bde-text\">\nOur luggage storage service in Gaeta is designed to give you maximum freedom of movement: leave your load with us and take back your time.\n<\/div>\n<\/div><div class=\"bde-icon-1638-127 bde-icon\">\n\n    \n            <div class=\"bde-icon-icon breakdance-icon-atom\" >\n    \n                    <svg xmlns=\"http:\/\/www.w3.org\/2000\/svg\" viewbox=\"0 0 448 512\"><!--! Font Awesome Free 6.5.1 by @fontawesome - https:\/\/fontawesome.com License - https:\/\/fontawesome.com\/license\/free (Icons: CC BY 4.0, Fonts: SIL OFL 1.1, Code: MIT License) Copyright 2023 Fonticons, Inc. --><path d=\"M201.4 342.6c12.5 12.5 32.8 12.5 45.3 0l160-160c12.5-12.5 12.5-32.8 0-45.3s-32.8-12.5-45.3 0L224 274.7 86.6 137.4c-12.5-12.5-32.8-12.5-45.3 0s-12.5 32.8 0 45.3l160 160z\"\/><\/svg>\n        \n        \n        \n            <\/div>\n    \n\n\n<\/div><\/div>\n<\/section><section id=\"scroll\" class=\"bde-section-1638-100 bde-section\">\n  \n  \n\t\n\n\n\n<div class=\"section-container\"><div class=\"bde-columns-1638-101 bde-columns\"><div class=\"bde-column-1638-102 bde-column\">\n  \n  \n\t\n\n\n\n<div class=\"bde-text-1638-103 bde-text\">\n\n<\/div><h2 class=\"bde-heading-1638-104 bde-heading\">\nExplore Gaeta in total freedom: leave your bags with us \n<\/h2><div class=\"bde-text-1638-105 bde-text\" data-entrance=\"fade\">\nComfort should have no boundaries. We have decided to open our storage areas in Gaeta also to those not staying at our facilities. Our collection points are ready to receive your backpacks and trolleys in total security, guaranteeing you the serenity of a clutter-free wait.\n<\/div><img decoding=\"async\" class=\"bde-image2-1638-106 bde-image2\" src=\"https:\/\/unlettoideale.com\/wp-content\/uploads\/2026\/02\/deposito-bagagli-2.webp\" loading=\"lazy\" srcset=\"https:\/\/unlettoideale.com\/wp-content\/uploads\/2026\/02\/deposito-bagagli-2.webp 1280w, https:\/\/unlettoideale.com\/wp-content\/uploads\/2026\/02\/deposito-bagagli-2-200x300.webp 200w, https:\/\/unlettoideale.com\/wp-content\/uploads\/2026\/02\/deposito-bagagli-2-683x1024.webp 683w, https:\/\/unlettoideale.com\/wp-content\/uploads\/2026\/02\/deposito-bagagli-2-768x1152.webp 768w, https:\/\/unlettoideale.com\/wp-content\/uploads\/2026\/02\/deposito-bagagli-2-1024x1536.webp 1024w, https:\/\/unlettoideale.com\/wp-content\/uploads\/2026\/02\/deposito-bagagli-2-8x12.webp 8w\" sizes=\"(max-width: 1280px) 100vw, 1280px\">\n<\/div><div class=\"bde-column-1638-107 bde-column\">\n  \n  \n\t\n\n\n\n<img decoding=\"async\" class=\"bde-image2-1638-108 bde-image2\" src=\"https:\/\/unlettoideale.com\/wp-content\/uploads\/2026\/02\/deposito-bagagli-1.webp\" loading=\"lazy\" srcset=\"https:\/\/unlettoideale.com\/wp-content\/uploads\/2026\/02\/deposito-bagagli-1.webp 1280w, https:\/\/unlettoideale.com\/wp-content\/uploads\/2026\/02\/deposito-bagagli-1-240x300.webp 240w, https:\/\/unlettoideale.com\/wp-content\/uploads\/2026\/02\/deposito-bagagli-1-819x1024.webp 819w, https:\/\/unlettoideale.com\/wp-content\/uploads\/2026\/02\/deposito-bagagli-1-768x960.webp 768w, https:\/\/unlettoideale.com\/wp-content\/uploads\/2026\/02\/deposito-bagagli-1-1229x1536.webp 1229w, https:\/\/unlettoideale.com\/wp-content\/uploads\/2026\/02\/deposito-bagagli-1-10x12.webp 10w\" sizes=\"(max-width: 1280px) 100vw, 1280px\"><div class=\"bde-text-1638-109 bde-text\">\nOn Gaeta's golden shores, our depots are located in key spots and easy to reach. You will not have to cross the city with the weight of your luggage in tow: book your space and enjoy a last stroll along the seafront or an aperitif in the centre in total lightness.\n<\/div><div class=\"bde-div-1638-128 bde-div\">\n  \n  \n\t\n\n\n\n<div class=\"bde-div-1638-129 bde-div\">\n  \n  \n\t\n\n\n\n<h3 class=\"bde-heading-1638-130 bde-heading\">\nContact us\n<\/h3><div class=\"bde-text-1638-131 bde-text\">\nWant more information about the service? Contact us now\n<\/div><div class=\"bde-icon-list-1638-135 bde-icon-list\">\n<ul>\n  \n              \n    <li>\n                      \n            \n            \n\n    \n    \n    \n    \n    \n    <a class=\"breakdance-link bde-icon-list__item-wrapper\" href=\"tel:00390771286706\" target=\"_self\" data-type=\"url\"  >\n\n      \n      <span class='bde-icon-list__icon'>\n        <svg xmlns=\"http:\/\/www.w3.org\/2000\/svg\" id=\"icon-phone\" viewbox=\"0 0 32 32\">\n<path d=\"M22 20c-2 2-2 4-4 4s-4-2-6-4-4-4-4-6 2-2 4-4-4-8-6-8-6 6-6 6c0 4 4.109 12.109 8 16s12 8 16 8c0 0 6-4 6-6s-6-8-8-6z\"\/>\n<\/svg>\n      <\/span>\n      <span class='bde-icon-list__text' >\n      Call: 0771 286706\n      <\/span>\n                  <\/a>\n\n      \n    <\/li>\n\n  \n              \n    <li>\n                      \n            \n            \n\n    \n    \n    \n    \n    \n    <a class=\"breakdance-link bde-icon-list__item-wrapper\" href=\"https:\/\/wa.me\/390771286706\" target=\"_self\" data-type=\"url\"  >\n\n      \n      <span class='bde-icon-list__icon'>\n        <svg xmlns=\"http:\/\/www.w3.org\/2000\/svg\" id=\"icon-whatsapp\" viewbox=\"0 0 32 32\">\n<path d=\"M27.281 4.65c-2.994-3-6.975-4.65-11.219-4.65-8.738 0-15.85 7.112-15.85 15.856 0 2.794 0.731 5.525 2.119 7.925l-2.25 8.219 8.406-2.206c2.319 1.262 4.925 1.931 7.575 1.931h0.006c0 0 0 0 0 0 8.738 0 15.856-7.113 15.856-15.856 0-4.238-1.65-8.219-4.644-11.219zM16.069 29.050v0c-2.369 0-4.688-0.637-6.713-1.837l-0.481-0.288-4.987 1.306 1.331-4.863-0.313-0.5c-1.325-2.094-2.019-4.519-2.019-7.012 0-7.269 5.912-13.181 13.188-13.181 3.519 0 6.831 1.375 9.319 3.862 2.488 2.494 3.856 5.8 3.856 9.325-0.006 7.275-5.919 13.188-13.181 13.188zM23.294 19.175c-0.394-0.2-2.344-1.156-2.706-1.288s-0.625-0.2-0.894 0.2c-0.262 0.394-1.025 1.288-1.256 1.556-0.231 0.262-0.462 0.3-0.856 0.1s-1.675-0.619-3.188-1.969c-1.175-1.050-1.975-2.35-2.206-2.744s-0.025-0.613 0.175-0.806c0.181-0.175 0.394-0.463 0.594-0.694s0.262-0.394 0.394-0.662c0.131-0.262 0.069-0.494-0.031-0.694s-0.894-2.15-1.219-2.944c-0.319-0.775-0.65-0.669-0.894-0.681-0.231-0.012-0.494-0.012-0.756-0.012s-0.694 0.1-1.056 0.494c-0.363 0.394-1.387 1.356-1.387 3.306s1.419 3.831 1.619 4.1c0.2 0.262 2.794 4.269 6.769 5.981 0.944 0.406 1.681 0.65 2.256 0.837 0.95 0.3 1.813 0.256 2.494 0.156 0.762-0.113 2.344-0.956 2.675-1.881s0.331-1.719 0.231-1.881c-0.094-0.175-0.356-0.275-0.756-0.475z\"\/>\n<\/svg>\n      <\/span>\n      <span class='bde-icon-list__text' >\n      Start a chat on Whatsapp\n      <\/span>\n                  <\/a>\n\n      \n    <\/li>\n\n  <\/ul>\n\n<\/div>\n<\/div>\n<\/div>\n<\/div><\/div><\/div>\n<\/section>","protected":false},"excerpt":{"rendered":"<p>Deposito bagagli a Gaeta Il nostro servizio di deposito bagagli a Gaeta \u00e8 pensato per regalarti la massima libert\u00e0 di movimento: lasciaci il carico e riprenditi il tuo tempo. Esplora Gaeta in totale libert\u00e0: lasciaci le tue valigie La comodit\u00e0 non dovrebbe avere confini. Abbiamo deciso di aprire i nostri spazi di deposito a Gaeta [&hellip;]<\/p>","protected":false},"author":2,"featured_media":0,"parent":0,"menu_order":0,"comment_status":"closed","ping_status":"closed","template":"","meta":{"_breakdance_hide_in_design_set":false,"_breakdance_tags":"","footnotes":""},"class_list":["post-1638","page","type-page","status-publish","hentry"],"_links":{"self":[{"href":"https:\/\/unlettoideale.com\/en\/wp-json\/wp\/v2\/pages\/1638","targetHints":{"allow":["GET"]}}],"collection":[{"href":"https:\/\/unlettoideale.com\/en\/wp-json\/wp\/v2\/pages"}],"about":[{"href":"https:\/\/unlettoideale.com\/en\/wp-json\/wp\/v2\/types\/page"}],"author":[{"embeddable":true,"href":"https:\/\/unlettoideale.com\/en\/wp-json\/wp\/v2\/users\/2"}],"replies":[{"embeddable":true,"href":"https:\/\/unlettoideale.com\/en\/wp-json\/wp\/v2\/comments?post=1638"}],"version-history":[{"count":15,"href":"https:\/\/unlettoideale.com\/en\/wp-json\/wp\/v2\/pages\/1638\/revisions"}],"predecessor-version":[{"id":1683,"href":"https:\/\/unlettoideale.com\/en\/wp-json\/wp\/v2\/pages\/1638\/revisions\/1683"}],"wp:attachment":[{"href":"https:\/\/unlettoideale.com\/en\/wp-json\/wp\/v2\/media?parent=1638"}],"curies":[{"name":"wp","href":"https:\/\/api.w.org\/{rel}","templated":true}]}}